{"id":2,"date":"2025-10-01T09:55:32","date_gmt":"2025-10-01T09:55:32","guid":{"rendered":"https:\/\/dani005.supserv.cozmoslabs.com\/?page_id=2"},"modified":"2026-02-26T15:17:35","modified_gmt":"2026-02-26T15:17:35","slug":"pagina-de-proba","status":"publish","type":"page","link":"https:\/\/dani005.supserv.cozmoslabs.com\/ro\/sample-page\/","title":{"rendered":"Exemplu de pagin\u0103"},"content":{"rendered":"<p><span>Aceasta este o pagin\u0103 de exemplu<\/span>. Este diferit\u0103 de o postare pe blog deoarece va r\u0103m\u00e2ne \u00eentr-un singur loc \u0219i va ap\u0103rea \u00een navigarea site-ului (\u00een majoritatea temelor). Majoritatea oamenilor \u00eencep cu o pagin\u0103 \"Despre\" care \u00eei prezint\u0103 poten\u021bialilor vizitatori ai site-ului. Aceasta ar putea spune ceva de genul acesta:<\/p>\n\n\n\n<blockquote class=\"wp-block-quote is-layout-flow wp-block-quote-is-layout-flow\">\n<p>Bun\u0103 ziua! Sunt curier pe biciclet\u0103 ziua, actor aspirant noaptea, iar acesta este site-ul meu. Locuiesc \u00een Los Angeles, am un c\u00e2ine minunat pe nume Jack \u0219i \u00eemi plac pi\u00f1a coladas. (\u0218i s\u0103 fiu prins \u00een ploaie.)<\/p>\n<\/blockquote>\n\n\n\n<p>...sau ceva de genul acesta:<\/p>\n\n\n\n<blockquote class=\"wp-block-quote is-layout-flow wp-block-quote-is-layout-flow\">\n<p>Compania XYZ Doohickey a fost \u00eenfiin\u021bat\u0103 \u00een 1971 \u0219i de atunci furnizeaz\u0103 publicului doohickeys de calitate. Situat\u0103 \u00een Gotham City, XYZ are peste 2.000 de angaja\u021bi \u0219i face tot felul de lucruri minunate pentru comunitatea Gotham.<\/p>\n<\/blockquote>\n\n\n\n<p class=\"translation-block\">Ca utilizator nou WordPress, trebuie s\u0103 accesa\u021bi <a href=\"https:\/\/dani005.supserv.cozmoslabs.com\/wp-admin\/\" target=\"_self\">panou de bord<\/a> pentru a \u0219terge aceast\u0103 pagin\u0103 \u0219i a crea pagini noi pentru con\u021binutul dvs. Distrac\u021bie pl\u0103cut\u0103!<\/p>\n\n\n<div class=\"wp-block-post-date\"><time datetime=\"2025-10-01T09:55:32+00:00\">octombrie 1, 2025<\/time><\/div>\n\n<div class=\"trp-shortcode-switcher__wrapper\"\r\n     style=\"--bg:#ffffff;--bg-hover:#444444;--text:#000000;--text-hover:#eeeeee;--border:1px solid transparent;--border-width:1px;--border-color:transparent;--border-radius:5px;--flag-radius:2px;--flag-size:18px;--aspect-ratio:4\/3;--font-size:14px;--transition-duration:0.2s\"\r\n     role=\"group\"\r\n     data-open-mode=\"hover\">\r\n\r\n    \r\n        <!-- ANCHOR (in-flow only; sizing\/borders; inert) -->\r\n        <div class=\"trp-language-switcher trp-ls-dropdown trp-shortcode-switcher trp-shortcode-anchor trp-open-on-hover\"\r\n             aria-hidden=\"true\"\r\n             inert\r\n data-no-translation>\r\n                <div class=\"trp-current-language-item__wrapper\">\r\n        <a class=\"trp-language-item trp-language-item__default trp-language-item__current\" data-no-translation href=\"https:\/\/dani005.supserv.cozmoslabs.com\/ro\/wp-json\/wp\/v2\/pages\/2\" title=\"RO\"><img decoding=\"async\" src=\"https:\/\/dani005.supserv.cozmoslabs.com\/wp-content\/plugins\/translatepress-multilingual\/assets\/flags\/4x3\/ro_RO.svg\" class=\"trp-flag-image\" alt=\"\" role=\"presentation\" loading=\"lazy\" \/><span class=\"trp-language-item-name\">RO<\/span><\/a>                    <svg class=\"trp-shortcode-arrow\" width=\"20\" height=\"20\" viewbox=\"0 0 20 21\" fill=\"none\" aria-hidden=\"true\" focusable=\"false\" xmlns=\"http:\/\/www.w3.org\/2000\/svg\">\r\n                <path d=\"M5 8L10 13L15 8\" stroke=\"var(--text)\" stroke-width=\"2\" stroke-linecap=\"round\" stroke-linejoin=\"round\"\/>\r\n            <\/svg>\r\n            <\/div>\r\n            <\/div>\r\n\r\n        <!-- OVERLAY (positioned; interactive surface) -->\r\n        <div class=\"trp-language-switcher trp-ls-dropdown trp-shortcode-switcher trp-shortcode-overlay trp-open-on-hover\"\r\n             role=\"navigation\"\r\n             aria-label=\"Selector de limb\u0103 pentru site-ul web\"\r\n             data-no-translation\r\n>\r\n                <div class=\"trp-current-language-item__wrapper\">\r\n        <div class=\"trp-language-item trp-language-item__default trp-language-item__current\" data-no-translation role=\"button\" aria-expanded=\"false\" tabindex=\"0\" aria-label=\"Change language\" aria-controls=\"trp-shortcode-dropdown-69d0cb84b379f\"><img decoding=\"async\" src=\"https:\/\/dani005.supserv.cozmoslabs.com\/wp-content\/plugins\/translatepress-multilingual\/assets\/flags\/4x3\/ro_RO.svg\" class=\"trp-flag-image\" alt=\"\" role=\"presentation\" loading=\"lazy\" \/><span class=\"trp-language-item-name\">RO<\/span><\/div>                    <svg class=\"trp-shortcode-arrow\" width=\"20\" height=\"20\" viewbox=\"0 0 20 21\" fill=\"none\" aria-hidden=\"true\" focusable=\"false\" xmlns=\"http:\/\/www.w3.org\/2000\/svg\">\r\n                <path d=\"M5 8L10 13L15 8\" stroke=\"var(--text)\" stroke-width=\"2\" stroke-linecap=\"round\" stroke-linejoin=\"round\"\/>\r\n            <\/svg>\r\n            <\/div>\r\n    \r\n            <div class=\"trp-switcher-dropdown-list\"\r\n                 id=\"trp-shortcode-dropdown-69d0cb84b379f\"\r\n                 role=\"group\"\r\n                 aria-label=\"Limbi disponibile\"\r\n                 hidden\r\n inert\r\n>\r\n                                                            <a class=\"trp-language-item\" href=\"https:\/\/dani005.supserv.cozmoslabs.com\/ro\/wp-json\/wp\/v2\/pages\/2\" title=\"RO\">\r\n                            <img decoding=\"async\" src=\"https:\/\/dani005.supserv.cozmoslabs.com\/wp-content\/plugins\/translatepress-multilingual\/assets\/flags\/4x3\/en_US.svg\" class=\"trp-flag-image\" alt=\"\" role=\"presentation\" loading=\"lazy\" \/>                                                            <span class=\"trp-language-item-name\" data-no-translation>EN<\/span>\r\n                                                                                <\/a>\r\n                                            <a class=\"trp-language-item\" href=\"https:\/\/dani005.supserv.cozmoslabs.com\/ro\/wp-json\/wp\/v2\/pages\/2\" title=\"MI\">\r\n                            <img decoding=\"async\" src=\"https:\/\/dani005.supserv.cozmoslabs.com\/wp-content\/uploads\/2026\/02\/maori-national-flag-18x10.gif\" class=\"trp-flag-image trp-custom-flag\" alt=\"Maori\" loading=\"lazy\" \/>                                                            <span class=\"trp-language-item-name\" data-no-translation>MI<\/span>\r\n                                                                                <\/a>\r\n                                            <a class=\"trp-language-item\" href=\"https:\/\/dani005.supserv.cozmoslabs.com\/ro\/wp-json\/wp\/v2\/pages\/2\" title=\"ES\">\r\n                            <img decoding=\"async\" src=\"https:\/\/dani005.supserv.cozmoslabs.com\/wp-content\/plugins\/translatepress-multilingual\/assets\/flags\/4x3\/es_ES.svg\" class=\"trp-flag-image\" alt=\"\" role=\"presentation\" loading=\"lazy\" \/>                                                            <span class=\"trp-language-item-name\" data-no-translation>ES<\/span>\r\n                                                                                <\/a>\r\n                                            <a class=\"trp-language-item\" href=\"https:\/\/dani005.supserv.cozmoslabs.com\/ro\/wp-json\/wp\/v2\/pages\/2\" title=\"FR\">\r\n                            <img decoding=\"async\" src=\"https:\/\/dani005.supserv.cozmoslabs.com\/wp-content\/plugins\/translatepress-multilingual\/assets\/flags\/4x3\/fr_FR.svg\" class=\"trp-flag-image\" alt=\"\" role=\"presentation\" loading=\"lazy\" \/>                                                            <span class=\"trp-language-item-name\" data-no-translation>FR<\/span>\r\n                                                                                <\/a>\r\n                                            <a class=\"trp-language-item\" href=\"https:\/\/dani005.supserv.cozmoslabs.com\/ro\/wp-json\/wp\/v2\/pages\/2\" title=\"ZH\">\r\n                            <img decoding=\"async\" src=\"https:\/\/dani005.supserv.cozmoslabs.com\/wp-content\/plugins\/translatepress-multilingual\/assets\/flags\/4x3\/zh_CN.svg\" class=\"trp-flag-image\" alt=\"\" role=\"presentation\" loading=\"lazy\" \/>                                                            <span class=\"trp-language-item-name\" data-no-translation>ZH<\/span>\r\n                                                                                <\/a>\r\n                                            <a class=\"trp-language-item\" href=\"https:\/\/dani005.supserv.cozmoslabs.com\/ro\/wp-json\/wp\/v2\/pages\/2\" title=\"KO\">\r\n                            <img decoding=\"async\" src=\"https:\/\/dani005.supserv.cozmoslabs.com\/wp-content\/plugins\/translatepress-multilingual\/assets\/flags\/4x3\/ko_KR.svg\" class=\"trp-flag-image\" alt=\"\" role=\"presentation\" loading=\"lazy\" \/>                                                            <span class=\"trp-language-item-name\" data-no-translation>KO<\/span>\r\n                                                                                <\/a>\r\n                                            <a class=\"trp-language-item\" href=\"https:\/\/dani005.supserv.cozmoslabs.com\/ro\/wp-json\/wp\/v2\/pages\/2\" title=\"Letonia\">\r\n                            <img decoding=\"async\" src=\"https:\/\/dani005.supserv.cozmoslabs.com\/wp-content\/plugins\/translatepress-multilingual\/assets\/flags\/4x3\/lv.svg\" class=\"trp-flag-image\" alt=\"\" role=\"presentation\" loading=\"lazy\" \/>                                                            <span class=\"trp-language-item-name\" data-no-translation>LV<\/span>\r\n                                                                                <\/a>\r\n                                            <a class=\"trp-language-item\" href=\"https:\/\/dani005.supserv.cozmoslabs.com\/ro\/wp-json\/wp\/v2\/pages\/2\" title=\"RO\">\r\n                            <img decoding=\"async\" src=\"https:\/\/dani005.supserv.cozmoslabs.com\/wp-content\/plugins\/translatepress-multilingual\/assets\/flags\/4x3\/ru_RU.svg\" class=\"trp-flag-image\" alt=\"\" role=\"presentation\" loading=\"lazy\" \/>                                                            <span class=\"trp-language-item-name\" data-no-translation>RU<\/span>\r\n                                                                                <\/a>\r\n                                            <a class=\"trp-language-item\" href=\"https:\/\/dani005.supserv.cozmoslabs.com\/ro\/wp-json\/wp\/v2\/pages\/2\" title=\"AR\">\r\n                            <img decoding=\"async\" src=\"https:\/\/dani005.supserv.cozmoslabs.com\/wp-content\/plugins\/translatepress-multilingual\/assets\/flags\/4x3\/ar.svg\" class=\"trp-flag-image\" alt=\"\" role=\"presentation\" loading=\"lazy\" \/>                                                            <span class=\"trp-language-item-name\" data-no-translation>AR<\/span>\r\n                                                                                <\/a>\r\n                                            <a class=\"trp-language-item\" href=\"https:\/\/dani005.supserv.cozmoslabs.com\/ro\/wp-json\/wp\/v2\/pages\/2\" title=\"DE\">\r\n                            <img decoding=\"async\" src=\"https:\/\/dani005.supserv.cozmoslabs.com\/wp-content\/plugins\/translatepress-multilingual\/assets\/flags\/4x3\/de_DE.svg\" class=\"trp-flag-image\" alt=\"\" role=\"presentation\" loading=\"lazy\" \/>                                                            <span class=\"trp-language-item-name\" data-no-translation>DE<\/span>\r\n                                                                                <\/a>\r\n                                            <a class=\"trp-language-item\" href=\"https:\/\/dani005.supserv.cozmoslabs.com\/ro\/wp-json\/wp\/v2\/pages\/2\" title=\"JA\">\r\n                            <img decoding=\"async\" src=\"https:\/\/dani005.supserv.cozmoslabs.com\/wp-content\/plugins\/translatepress-multilingual\/assets\/flags\/4x3\/ja.svg\" class=\"trp-flag-image\" alt=\"\" role=\"presentation\" loading=\"lazy\" \/>                                                            <span class=\"trp-language-item-name\" data-no-translation>JA<\/span>\r\n                                                                                <\/a>\r\n                                            <a class=\"trp-language-item\" href=\"https:\/\/dani005.supserv.cozmoslabs.com\/ro\/wp-json\/wp\/v2\/pages\/2\" title=\"PT\">\r\n                            <img decoding=\"async\" src=\"https:\/\/dani005.supserv.cozmoslabs.com\/wp-content\/plugins\/translatepress-multilingual\/assets\/flags\/4x3\/pt_PT.svg\" class=\"trp-flag-image\" alt=\"\" role=\"presentation\" loading=\"lazy\" \/>                                                            <span class=\"trp-language-item-name\" data-no-translation>PT<\/span>\r\n                                                                                <\/a>\r\n                                            <a class=\"trp-language-item\" href=\"https:\/\/dani005.supserv.cozmoslabs.com\/ro\/wp-json\/wp\/v2\/pages\/2\" title=\"EL\">\r\n                            <img decoding=\"async\" src=\"https:\/\/dani005.supserv.cozmoslabs.com\/wp-content\/plugins\/translatepress-multilingual\/assets\/flags\/4x3\/el.svg\" class=\"trp-flag-image\" alt=\"\" role=\"presentation\" loading=\"lazy\" \/>                                                            <span class=\"trp-language-item-name\" data-no-translation>EL<\/span>\r\n                                                                                <\/a>\r\n                                                <\/div>\r\n        <\/div>\r\n\r\n    <\/div>\r\n<style id=\"trp-language-switcher-shortcode-custom-css\">@media screen and (min-width: 768px) {\n.trp-language-switcher .trp-ls-shortcode-current-language { background-color: rgba(255, 255, 255, 0) !important; }\n.trp-language-switcher .trp-ls-shortcode-language { background-color: rgba(255, 255, 255, 0) !important; }\n.trp-language-switcher .trp-ls-shortcode-language a:hover { background-color: rgba(255, 255, 255, 0.3) !important; }\n.trp-language-switcher .trp-ls-shortcode-language a, .trp-language-switcher .trp-ls-shortcode-current-language a { color: rgb(255, 255, 255) !important; }\n}\n@media screen and (max-width: 767px) {\n.trp-language-switcher .trp-ls-shortcode-current-language a { color: rgb(255, 255, 255) !important; }\n.trp-language-switcher .trp-ls-shortcode-current-language { background-color: rgb(0, 0, 0) !important; }\n.trp-language-switcher .trp-ls-shortcode-language a { color: rgb(255, 255, 255) !important; }\n.trp-language-switcher .trp-ls-shortcode-language { background-color: rgb(0, 0, 0) !important; }\n}\n.trp-language-switcher .trp-ls-shortcode-language, .trp-language-switcher .trp-ls-shortcode-current-language { border: none !important; }\n.trp-language-switcher .trp-ls-shortcode-language a > br, .trp-language-switcher .trp-ls-shortcode-current-language a > br { display: none !important; }\n.trp-language-switcher-container > p { display: none !important; }<\/style>\n\n\n\n<div class=\"wp-block-buttons is-layout-flex wp-block-buttons-is-layout-flex\"><\/div>\n\n\n<p><\/p>","protected":false},"excerpt":{"rendered":"<p>. It&#8217;s different from a blog post because it will stay in one place and will show up in your site navigation (in most themes). Most people start with an About page that introduces them to potential site visitors. It might say something like this: Hi there! I&#8217;m a bike messenger by day, aspiring actor [&hellip;]<\/p>\n","protected":false},"author":1,"featured_media":0,"parent":0,"menu_order":0,"comment_status":"closed","ping_status":"open","template":"","meta":{"_seopress_robots_primary_cat":"","_seopress_titles_title":"","_seopress_titles_desc":"","_seopress_robots_index":"","footnotes":""},"class_list":["post-2","page","type-page","status-publish","hentry"],"_links":{"self":[{"href":"https:\/\/dani005.supserv.cozmoslabs.com\/ro\/wp-json\/wp\/v2\/pages\/2","targetHints":{"allow":["GET"]}}],"collection":[{"href":"https:\/\/dani005.supserv.cozmoslabs.com\/ro\/wp-json\/wp\/v2\/pages"}],"about":[{"href":"https:\/\/dani005.supserv.cozmoslabs.com\/ro\/wp-json\/wp\/v2\/types\/page"}],"author":[{"embeddable":true,"href":"https:\/\/dani005.supserv.cozmoslabs.com\/ro\/wp-json\/wp\/v2\/users\/1"}],"replies":[{"embeddable":true,"href":"https:\/\/dani005.supserv.cozmoslabs.com\/ro\/wp-json\/wp\/v2\/comments?post=2"}],"version-history":[{"count":10,"href":"https:\/\/dani005.supserv.cozmoslabs.com\/ro\/wp-json\/wp\/v2\/pages\/2\/revisions"}],"predecessor-version":[{"id":88,"href":"https:\/\/dani005.supserv.cozmoslabs.com\/ro\/wp-json\/wp\/v2\/pages\/2\/revisions\/88"}],"wp:attachment":[{"href":"https:\/\/dani005.supserv.cozmoslabs.com\/ro\/wp-json\/wp\/v2\/media?parent=2"}],"curies":[{"name":"wp","href":"https:\/\/api.w.org\/{rel}","templated":true}]}}