{"id":2,"date":"2025-10-01T09:55:32","date_gmt":"2025-10-01T09:55:32","guid":{"rendered":"https:\/\/dani005.supserv.cozmoslabs.com\/?page_id=2"},"modified":"2026-02-26T15:17:35","modified_gmt":"2026-02-26T15:17:35","slug":"pagina-de-exemplo","status":"publish","type":"page","link":"https:\/\/dani005.supserv.cozmoslabs.com\/pt\/sample-page\/","title":{"rendered":"P\u00e1gina de amostra"},"content":{"rendered":"<p><span>Esta \u00e9 uma p\u00e1gina de exemplo<\/span>. \u00c9 diferente de um post de blogue porque fica num s\u00f3 lugar e aparece na navega\u00e7\u00e3o do seu site (na maioria dos temas). A maioria das pessoas come\u00e7a com uma p\u00e1gina Sobre que as apresenta aos potenciais visitantes do s\u00edtio. Pode dizer algo como isto:<\/p>\n\n\n\n<blockquote class=\"wp-block-quote is-layout-flow wp-block-quote-is-layout-flow\">\n<p>Ol\u00e1! Sou um mensageiro de bicicleta durante o dia, aspirante a ator \u00e0 noite, e este \u00e9 o meu site. Vivo em Los Angeles, tenho um c\u00e3o fant\u00e1stico chamado Jack e gosto de pi\u00f1a coladas. (E de ser apanhado pela chuva.)<\/p>\n<\/blockquote>\n\n\n\n<p>...ou algo do g\u00e9nero:<\/p>\n\n\n\n<blockquote class=\"wp-block-quote is-layout-flow wp-block-quote-is-layout-flow\">\n<p>A XYZ Doohickey Company foi fundada em 1971 e tem vindo a fornecer doohickeys de qualidade ao p\u00fablico desde ent\u00e3o. Localizada em Gotham City, a XYZ emprega mais de 2.000 pessoas e faz todo o tipo de coisas espectaculares para a comunidade de Gotham.<\/p>\n<\/blockquote>\n\n\n\n<p class=\"translation-block\">Como um novo utilizador do WordPress, deve ir a <a href=\"https:\/\/dani005.supserv.cozmoslabs.com\/wp-admin\/\" target=\"_self\">your dashboard<\/a> para eliminar esta p\u00e1gina e criar novas p\u00e1ginas para o seu conte\u00fado. Divirta-se!<\/p>\n\n\n<div class=\"wp-block-post-date\"><time datetime=\"2025-10-01T09:55:32+00:00\">1 de outubro de 2025<\/time><\/div>\n\n<div class=\"trp-shortcode-switcher__wrapper\"\r\n     style=\"--bg:#ffffff;--bg-hover:#444444;--text:#000000;--text-hover:#eeeeee;--border:1px solid transparent;--border-width:1px;--border-color:transparent;--border-radius:5px;--flag-radius:2px;--flag-size:18px;--aspect-ratio:4\/3;--font-size:14px;--transition-duration:0.2s\"\r\n     role=\"group\"\r\n     data-open-mode=\"hover\">\r\n\r\n    \r\n        <!-- ANCHOR (in-flow only; sizing\/borders; inert) -->\r\n        <div class=\"trp-language-switcher trp-ls-dropdown trp-shortcode-switcher trp-shortcode-anchor trp-open-on-hover\"\r\n             aria-hidden=\"true\"\r\n             inert\r\n data-no-translation>\r\n                <div class=\"trp-current-language-item__wrapper\">\r\n        <a class=\"trp-language-item trp-language-item__default trp-language-item__current\" data-no-translation href=\"https:\/\/dani005.supserv.cozmoslabs.com\/pt\/wp-json\/wp\/v2\/pages\/2\" title=\"PT\"><img decoding=\"async\" src=\"https:\/\/dani005.supserv.cozmoslabs.com\/wp-content\/plugins\/translatepress-multilingual\/assets\/flags\/4x3\/pt_PT.svg\" class=\"trp-flag-image\" alt=\"\" role=\"presentation\" loading=\"lazy\" \/><span class=\"trp-language-item-name\">PT<\/span><\/a>                    <svg class=\"trp-shortcode-arrow\" width=\"20\" height=\"20\" viewbox=\"0 0 20 21\" fill=\"none\" aria-hidden=\"true\" focusable=\"false\" xmlns=\"http:\/\/www.w3.org\/2000\/svg\">\r\n                <path d=\"M5 8L10 13L15 8\" stroke=\"var(--text)\" stroke-width=\"2\" stroke-linecap=\"round\" stroke-linejoin=\"round\"\/>\r\n            <\/svg>\r\n            <\/div>\r\n            <\/div>\r\n\r\n        <!-- OVERLAY (positioned; interactive surface) -->\r\n        <div class=\"trp-language-switcher trp-ls-dropdown trp-shortcode-switcher trp-shortcode-overlay trp-open-on-hover\"\r\n             role=\"navigation\"\r\n             aria-label=\"Seletor de l\u00ednguas do s\u00edtio Web\"\r\n             data-no-translation\r\n>\r\n                <div class=\"trp-current-language-item__wrapper\">\r\n        <div class=\"trp-language-item trp-language-item__default trp-language-item__current\" data-no-translation role=\"button\" aria-expanded=\"false\" tabindex=\"0\" aria-label=\"Change language\" aria-controls=\"trp-shortcode-dropdown-69d01bb227caf\"><img decoding=\"async\" src=\"https:\/\/dani005.supserv.cozmoslabs.com\/wp-content\/plugins\/translatepress-multilingual\/assets\/flags\/4x3\/pt_PT.svg\" class=\"trp-flag-image\" alt=\"\" role=\"presentation\" loading=\"lazy\" \/><span class=\"trp-language-item-name\">PT<\/span><\/div>                    <svg class=\"trp-shortcode-arrow\" width=\"20\" height=\"20\" viewbox=\"0 0 20 21\" fill=\"none\" aria-hidden=\"true\" focusable=\"false\" xmlns=\"http:\/\/www.w3.org\/2000\/svg\">\r\n                <path d=\"M5 8L10 13L15 8\" stroke=\"var(--text)\" stroke-width=\"2\" stroke-linecap=\"round\" stroke-linejoin=\"round\"\/>\r\n            <\/svg>\r\n            <\/div>\r\n    \r\n            <div class=\"trp-switcher-dropdown-list\"\r\n                 id=\"trp-shortcode-dropdown-69d01bb227caf\"\r\n                 role=\"group\"\r\n                 aria-label=\"L\u00ednguas dispon\u00edveis\"\r\n                 hidden\r\n inert\r\n>\r\n                                                            <a class=\"trp-language-item\" href=\"https:\/\/dani005.supserv.cozmoslabs.com\/pt\/wp-json\/wp\/v2\/pages\/2\" title=\"PT\">\r\n                            <img decoding=\"async\" src=\"https:\/\/dani005.supserv.cozmoslabs.com\/wp-content\/plugins\/translatepress-multilingual\/assets\/flags\/4x3\/en_US.svg\" class=\"trp-flag-image\" alt=\"\" role=\"presentation\" loading=\"lazy\" \/>                                                            <span class=\"trp-language-item-name\" data-no-translation>EN<\/span>\r\n                                                                                <\/a>\r\n                                            <a class=\"trp-language-item\" href=\"https:\/\/dani005.supserv.cozmoslabs.com\/pt\/wp-json\/wp\/v2\/pages\/2\" title=\"MI\">\r\n                            <img decoding=\"async\" src=\"https:\/\/dani005.supserv.cozmoslabs.com\/wp-content\/uploads\/2026\/02\/maori-national-flag-18x10.gif\" class=\"trp-flag-image trp-custom-flag\" alt=\"Maori\" loading=\"lazy\" \/>                                                            <span class=\"trp-language-item-name\" data-no-translation>MI<\/span>\r\n                                                                                <\/a>\r\n                                            <a class=\"trp-language-item\" href=\"https:\/\/dani005.supserv.cozmoslabs.com\/pt\/wp-json\/wp\/v2\/pages\/2\" title=\"ES\">\r\n                            <img decoding=\"async\" src=\"https:\/\/dani005.supserv.cozmoslabs.com\/wp-content\/plugins\/translatepress-multilingual\/assets\/flags\/4x3\/es_ES.svg\" class=\"trp-flag-image\" alt=\"\" role=\"presentation\" loading=\"lazy\" \/>                                                            <span class=\"trp-language-item-name\" data-no-translation>ES<\/span>\r\n                                                                                <\/a>\r\n                                            <a class=\"trp-language-item\" href=\"https:\/\/dani005.supserv.cozmoslabs.com\/pt\/wp-json\/wp\/v2\/pages\/2\" title=\"FR\">\r\n                            <img decoding=\"async\" src=\"https:\/\/dani005.supserv.cozmoslabs.com\/wp-content\/plugins\/translatepress-multilingual\/assets\/flags\/4x3\/fr_FR.svg\" class=\"trp-flag-image\" alt=\"\" role=\"presentation\" loading=\"lazy\" \/>                                                            <span class=\"trp-language-item-name\" data-no-translation>FR<\/span>\r\n                                                                                <\/a>\r\n                                            <a class=\"trp-language-item\" href=\"https:\/\/dani005.supserv.cozmoslabs.com\/pt\/wp-json\/wp\/v2\/pages\/2\" title=\"ZH\">\r\n                            <img decoding=\"async\" src=\"https:\/\/dani005.supserv.cozmoslabs.com\/wp-content\/plugins\/translatepress-multilingual\/assets\/flags\/4x3\/zh_CN.svg\" class=\"trp-flag-image\" alt=\"\" role=\"presentation\" loading=\"lazy\" \/>                                                            <span class=\"trp-language-item-name\" data-no-translation>ZH<\/span>\r\n                                                                                <\/a>\r\n                                            <a class=\"trp-language-item\" href=\"https:\/\/dani005.supserv.cozmoslabs.com\/pt\/wp-json\/wp\/v2\/pages\/2\" title=\"KO\">\r\n                            <img decoding=\"async\" src=\"https:\/\/dani005.supserv.cozmoslabs.com\/wp-content\/plugins\/translatepress-multilingual\/assets\/flags\/4x3\/ko_KR.svg\" class=\"trp-flag-image\" alt=\"\" role=\"presentation\" loading=\"lazy\" \/>                                                            <span class=\"trp-language-item-name\" data-no-translation>KO<\/span>\r\n                                                                                <\/a>\r\n                                            <a class=\"trp-language-item\" href=\"https:\/\/dani005.supserv.cozmoslabs.com\/pt\/wp-json\/wp\/v2\/pages\/2\" title=\"LV\">\r\n                            <img decoding=\"async\" src=\"https:\/\/dani005.supserv.cozmoslabs.com\/wp-content\/plugins\/translatepress-multilingual\/assets\/flags\/4x3\/lv.svg\" class=\"trp-flag-image\" alt=\"\" role=\"presentation\" loading=\"lazy\" \/>                                                            <span class=\"trp-language-item-name\" data-no-translation>LV<\/span>\r\n                                                                                <\/a>\r\n                                            <a class=\"trp-language-item\" href=\"https:\/\/dani005.supserv.cozmoslabs.com\/pt\/wp-json\/wp\/v2\/pages\/2\" title=\"RO\">\r\n                            <img decoding=\"async\" src=\"https:\/\/dani005.supserv.cozmoslabs.com\/wp-content\/plugins\/translatepress-multilingual\/assets\/flags\/4x3\/ro_RO.svg\" class=\"trp-flag-image\" alt=\"\" role=\"presentation\" loading=\"lazy\" \/>                                                            <span class=\"trp-language-item-name\" data-no-translation>RO<\/span>\r\n                                                                                <\/a>\r\n                                            <a class=\"trp-language-item\" href=\"https:\/\/dani005.supserv.cozmoslabs.com\/pt\/wp-json\/wp\/v2\/pages\/2\" title=\"R\u00da\">\r\n                            <img decoding=\"async\" src=\"https:\/\/dani005.supserv.cozmoslabs.com\/wp-content\/plugins\/translatepress-multilingual\/assets\/flags\/4x3\/ru_RU.svg\" class=\"trp-flag-image\" alt=\"\" role=\"presentation\" loading=\"lazy\" \/>                                                            <span class=\"trp-language-item-name\" data-no-translation>RU<\/span>\r\n                                                                                <\/a>\r\n                                            <a class=\"trp-language-item\" href=\"https:\/\/dani005.supserv.cozmoslabs.com\/pt\/wp-json\/wp\/v2\/pages\/2\" title=\"AR\">\r\n                            <img decoding=\"async\" src=\"https:\/\/dani005.supserv.cozmoslabs.com\/wp-content\/plugins\/translatepress-multilingual\/assets\/flags\/4x3\/ar.svg\" class=\"trp-flag-image\" alt=\"\" role=\"presentation\" loading=\"lazy\" \/>                                                            <span class=\"trp-language-item-name\" data-no-translation>AR<\/span>\r\n                                                                                <\/a>\r\n                                            <a class=\"trp-language-item\" href=\"https:\/\/dani005.supserv.cozmoslabs.com\/pt\/wp-json\/wp\/v2\/pages\/2\" title=\"DE\">\r\n                            <img decoding=\"async\" src=\"https:\/\/dani005.supserv.cozmoslabs.com\/wp-content\/plugins\/translatepress-multilingual\/assets\/flags\/4x3\/de_DE.svg\" class=\"trp-flag-image\" alt=\"\" role=\"presentation\" loading=\"lazy\" \/>                                                            <span class=\"trp-language-item-name\" data-no-translation>DE<\/span>\r\n                                                                                <\/a>\r\n                                            <a class=\"trp-language-item\" href=\"https:\/\/dani005.supserv.cozmoslabs.com\/pt\/wp-json\/wp\/v2\/pages\/2\" title=\"JA\">\r\n                            <img decoding=\"async\" src=\"https:\/\/dani005.supserv.cozmoslabs.com\/wp-content\/plugins\/translatepress-multilingual\/assets\/flags\/4x3\/ja.svg\" class=\"trp-flag-image\" alt=\"\" role=\"presentation\" loading=\"lazy\" \/>                                                            <span class=\"trp-language-item-name\" data-no-translation>JA<\/span>\r\n                                                                                <\/a>\r\n                                            <a class=\"trp-language-item\" href=\"https:\/\/dani005.supserv.cozmoslabs.com\/pt\/wp-json\/wp\/v2\/pages\/2\" title=\"EL\">\r\n                            <img decoding=\"async\" src=\"https:\/\/dani005.supserv.cozmoslabs.com\/wp-content\/plugins\/translatepress-multilingual\/assets\/flags\/4x3\/el.svg\" class=\"trp-flag-image\" alt=\"\" role=\"presentation\" loading=\"lazy\" \/>                                                            <span class=\"trp-language-item-name\" data-no-translation>EL<\/span>\r\n                                                                                <\/a>\r\n                                                <\/div>\r\n        <\/div>\r\n\r\n    <\/div>\r\n<style id=\"trp-language-switcher-shortcode-custom-css\">@media screen and (min-width: 768px) {\n.trp-language-switcher .trp-ls-shortcode-current-language { background-color: rgba(255, 255, 255, 0) !important; }\n.trp-language-switcher .trp-ls-shortcode-language { background-color: rgba(255, 255, 255, 0) !important; }\n.trp-language-switcher .trp-ls-shortcode-language a:hover { background-color: rgba(255, 255, 255, 0.3) !important; }\n.trp-language-switcher .trp-ls-shortcode-language a, .trp-language-switcher .trp-ls-shortcode-current-language a { color: rgb(255, 255, 255) !important; }\n}\n@media screen and (max-width: 767px) {\n.trp-language-switcher .trp-ls-shortcode-current-language a { color: rgb(255, 255, 255) !important; }\n.trp-language-switcher .trp-ls-shortcode-current-language { background-color: rgb(0, 0, 0) !important; }\n.trp-language-switcher .trp-ls-shortcode-language a { color: rgb(255, 255, 255) !important; }\n.trp-language-switcher .trp-ls-shortcode-language { background-color: rgb(0, 0, 0) !important; }\n}\n.trp-language-switcher .trp-ls-shortcode-language, .trp-language-switcher .trp-ls-shortcode-current-language { border: none !important; }\n.trp-language-switcher .trp-ls-shortcode-language a > br, .trp-language-switcher .trp-ls-shortcode-current-language a > br { display: none !important; }\n.trp-language-switcher-container > p { display: none !important; }<\/style>\n\n\n\n<div class=\"wp-block-buttons is-layout-flex wp-block-buttons-is-layout-flex\"><\/div>\n\n\n<p><\/p>","protected":false},"excerpt":{"rendered":"<p>. It&#8217;s different from a blog post because it will stay in one place and will show up in your site navigation (in most themes). Most people start with an About page that introduces them to potential site visitors. It might say something like this: Hi there! I&#8217;m a bike messenger by day, aspiring actor [&hellip;]<\/p>\n","protected":false},"author":1,"featured_media":0,"parent":0,"menu_order":0,"comment_status":"closed","ping_status":"open","template":"","meta":{"_seopress_robots_primary_cat":"","_seopress_titles_title":"","_seopress_titles_desc":"","_seopress_robots_index":"","footnotes":""},"class_list":["post-2","page","type-page","status-publish","hentry"],"_links":{"self":[{"href":"https:\/\/dani005.supserv.cozmoslabs.com\/pt\/wp-json\/wp\/v2\/pages\/2","targetHints":{"allow":["GET"]}}],"collection":[{"href":"https:\/\/dani005.supserv.cozmoslabs.com\/pt\/wp-json\/wp\/v2\/pages"}],"about":[{"href":"https:\/\/dani005.supserv.cozmoslabs.com\/pt\/wp-json\/wp\/v2\/types\/page"}],"author":[{"embeddable":true,"href":"https:\/\/dani005.supserv.cozmoslabs.com\/pt\/wp-json\/wp\/v2\/users\/1"}],"replies":[{"embeddable":true,"href":"https:\/\/dani005.supserv.cozmoslabs.com\/pt\/wp-json\/wp\/v2\/comments?post=2"}],"version-history":[{"count":10,"href":"https:\/\/dani005.supserv.cozmoslabs.com\/pt\/wp-json\/wp\/v2\/pages\/2\/revisions"}],"predecessor-version":[{"id":88,"href":"https:\/\/dani005.supserv.cozmoslabs.com\/pt\/wp-json\/wp\/v2\/pages\/2\/revisions\/88"}],"wp:attachment":[{"href":"https:\/\/dani005.supserv.cozmoslabs.com\/pt\/wp-json\/wp\/v2\/media?parent=2"}],"curies":[{"name":"wp","href":"https:\/\/api.w.org\/{rel}","templated":true}]}}